{"id":962,"date":"2017-01-25T15:08:36","date_gmt":"2017-01-25T15:08:36","guid":{"rendered":"http:\/\/godbanm.splet.arnes.si\/?page_id=962"},"modified":"2020-02-11T15:10:20","modified_gmt":"2020-02-11T14:10:20","slug":"video-vsebine","status":"publish","type":"page","link":"https:\/\/www.godbanm.si\/?page_id=962","title":{"rendered":"Posnetki"},"content":{"rendered":"<p><iframe loading=\"lazy\" title=\"Wave: Antonio Carlos Jobim, arr. Peter Kleine Schaars (vokal: Ana \u010cop)\" width=\"474\" height=\"267\" src=\"https:\/\/www.youtube.com\/embed\/4X8zempMzLk?feature=oembed\" frameborder=\"0\" allow=\"accelerometer; autoplay; clipboard-write; encrypted-media; gyroscope; picture-in-picture; web-share\" referrerpolicy=\"strict-origin-when-cross-origin\" allowfullscreen><\/iframe><\/p>\n<p><iframe loading=\"lazy\" title=\"Zlati prah ima\u0161 v o\u010deh (vokal: Ana \u010cop)\" width=\"474\" height=\"267\" src=\"https:\/\/www.youtube.com\/embed\/oOg2w873dFo?feature=oembed\" frameborder=\"0\" allow=\"accelerometer; autoplay; clipboard-write; encrypted-media; gyroscope; picture-in-picture; web-share\" referrerpolicy=\"strict-origin-when-cross-origin\" allowfullscreen><\/iframe><\/p>\n<p><iframe loading=\"lazy\" title=\"\u017didana marela\" width=\"474\" height=\"267\" src=\"https:\/\/www.youtube.com\/embed\/DQUtF_S7oBs?feature=oembed\" frameborder=\"0\" allow=\"accelerometer; autoplay; clipboard-write; encrypted-media; gyroscope; picture-in-picture; web-share\" referrerpolicy=\"strict-origin-when-cross-origin\" allowfullscreen><\/iframe><\/p>\n<p><iframe loading=\"lazy\" title=\"Dolenjska\" width=\"474\" height=\"267\" src=\"https:\/\/www.youtube.com\/embed\/YNxPZkiwSmk?feature=oembed\" frameborder=\"0\" allow=\"accelerometer; autoplay; clipboard-write; encrypted-media; gyroscope; picture-in-picture; web-share\" referrerpolicy=\"strict-origin-when-cross-origin\" allowfullscreen><\/iframe><\/p>\n<p><iframe loading=\"lazy\" title=\"Herceg Novi 2019\" width=\"474\" height=\"267\" src=\"https:\/\/www.youtube.com\/embed\/Xa0Gub3mDrY?feature=oembed\" frameborder=\"0\" allow=\"accelerometer; autoplay; clipboard-write; encrypted-media; gyroscope; picture-in-picture; web-share\" referrerpolicy=\"strict-origin-when-cross-origin\" allowfullscreen><\/iframe><\/p>\n<p><iframe loading=\"lazy\" title=\"Mestna godba Novo mesto\" width=\"474\" height=\"267\" src=\"https:\/\/www.youtube.com\/embed\/8_CcJvExHcE?feature=oembed\" frameborder=\"0\" allow=\"accelerometer; autoplay; clipboard-write; encrypted-media; gyroscope; picture-in-picture; web-share\" referrerpolicy=\"strict-origin-when-cross-origin\" allowfullscreen><\/iframe><\/p>\n","protected":false},"excerpt":{"rendered":"","protected":false},"author":10690,"featured_media":0,"parent":0,"menu_order":0,"comment_status":"closed","ping_status":"open","template":"","meta":{"footnotes":""},"class_list":["post-962","page","type-page","status-publish","hentry"],"_links":{"self":[{"href":"https:\/\/www.godbanm.si\/index.php?rest_route=\/wp\/v2\/pages\/962","targetHints":{"allow":["GET"]}}],"collection":[{"href":"https:\/\/www.godbanm.si\/index.php?rest_route=\/wp\/v2\/pages"}],"about":[{"href":"https:\/\/www.godbanm.si\/index.php?rest_route=\/wp\/v2\/types\/page"}],"author":[{"embeddable":true,"href":"https:\/\/www.godbanm.si\/index.php?rest_route=\/wp\/v2\/users\/10690"}],"replies":[{"embeddable":true,"href":"https:\/\/www.godbanm.si\/index.php?rest_route=%2Fwp%2Fv2%2Fcomments&post=962"}],"version-history":[{"count":8,"href":"https:\/\/www.godbanm.si\/index.php?rest_route=\/wp\/v2\/pages\/962\/revisions"}],"predecessor-version":[{"id":2981,"href":"https:\/\/www.godbanm.si\/index.php?rest_route=\/wp\/v2\/pages\/962\/revisions\/2981"}],"wp:attachment":[{"href":"https:\/\/www.godbanm.si\/index.php?rest_route=%2Fwp%2Fv2%2Fmedia&parent=962"}],"curies":[{"name":"wp","href":"https:\/\/api.w.org\/{rel}","templated":true}]}}