{"id":32,"date":"2017-01-10T19:47:48","date_gmt":"2017-01-10T19:47:48","guid":{"rendered":"http:\/\/godbanm.splet.arnes.si\/?page_id=32"},"modified":"2023-03-20T00:10:29","modified_gmt":"2023-03-19T23:10:29","slug":"zasedba","status":"publish","type":"page","link":"https:\/\/www.godbanm.si\/?page_id=32","title":{"rendered":"Zasedba"},"content":{"rendered":"<p style=\"text-align: center\"><strong>Dirigent:<\/strong><\/p>\n<p style=\"text-align: center\"><a href=\"http:\/\/godbanm.splet.arnes.si\/files\/2017\/01\/Dirigentska-palica.jpg\"><img loading=\"lazy\" decoding=\"async\" class=\"wp-image-1093 aligncenter\" src=\"http:\/\/godbanm.splet.arnes.si\/files\/2017\/01\/Dirigentska-palica-300x193.jpg\" alt=\"\" width=\"163\" height=\"105\" srcset=\"https:\/\/www.godbanm.si\/files\/2017\/01\/Dirigentska-palica-300x193.jpg 300w, https:\/\/www.godbanm.si\/files\/2017\/01\/Dirigentska-palica-768x494.jpg 768w, https:\/\/www.godbanm.si\/files\/2017\/01\/Dirigentska-palica.jpg 800w\" sizes=\"auto, (max-width: 163px) 100vw, 163px\" \/><\/a>\u0160incek Rok<\/p>\n<hr \/>\n<p style=\"text-align: center\"><strong>Flavta:<\/strong><\/p>\n<p style=\"text-align: center\"><a href=\"http:\/\/godbanm.splet.arnes.si\/files\/2017\/01\/Pre\u010dna-flavta.jpg\"><img loading=\"lazy\" decoding=\"async\" class=\" wp-image-1101 aligncenter\" src=\"http:\/\/godbanm.splet.arnes.si\/files\/2017\/01\/Pre\u010dna-flavta-300x146.jpg\" alt=\"\" width=\"198\" height=\"97\" srcset=\"https:\/\/www.godbanm.si\/files\/2017\/01\/Pre\u010dna-flavta-300x146.jpg 300w, https:\/\/www.godbanm.si\/files\/2017\/01\/Pre\u010dna-flavta-768x373.jpg 768w, https:\/\/www.godbanm.si\/files\/2017\/01\/Pre\u010dna-flavta-1024x497.jpg 1024w, https:\/\/www.godbanm.si\/files\/2017\/01\/Pre\u010dna-flavta.jpg 1209w\" sizes=\"auto, (max-width: 198px) 100vw, 198px\" \/><\/a>\u00a0 \u00a0 \u00a0 \u00a0Hrovat Veronika<\/p>\n<p style=\"padding-left: 30px;text-align: center\">Malnar Klara<\/p>\n<p style=\"padding-left: 30px;text-align: center\">Jedlov\u010dnik Barbara<\/p>\n<hr \/>\n<p style=\"text-align: center\"><strong>Oboa:<\/strong><\/p>\n<p style=\"text-align: center\"><img loading=\"lazy\" decoding=\"async\" class=\"irc_mi aligncenter\" src=\"https:\/\/mojanota.files.wordpress.com\/2012\/12\/555.jpg?w=700\" alt=\"Rezultat iskanja slik za oboa\" width=\"191\" height=\"137\" \/><\/p>\n<p style=\"text-align: center\">Zagrlja\u010da Heric Zoe<\/p>\n<p style=\"text-align: center\">Recelj Ajda<\/p>\n<hr \/>\n<p style=\"text-align: center\"><strong>Klarinet:<\/strong><\/p>\n<p style=\"text-align: center\"><a href=\"http:\/\/godbanm.splet.arnes.si\/files\/2017\/01\/Klarinet-1.jpg\"><img loading=\"lazy\" decoding=\"async\" class=\" wp-image-1095\" src=\"http:\/\/godbanm.splet.arnes.si\/files\/2017\/01\/Klarinet-1-300x134.jpg\" alt=\"\" width=\"193\" height=\"86\" srcset=\"https:\/\/www.godbanm.si\/files\/2017\/01\/Klarinet-1-300x134.jpg 300w, https:\/\/www.godbanm.si\/files\/2017\/01\/Klarinet-1-768x342.jpg 768w, https:\/\/www.godbanm.si\/files\/2017\/01\/Klarinet-1-1024x456.jpg 1024w\" sizes=\"auto, (max-width: 193px) 100vw, 193px\" \/><\/a><\/p>\n<p style=\"text-align: center\">Stopar Tja\u0161a<\/p>\n<p style=\"text-align: center\">Avsec Eva<\/p>\n<p style=\"text-align: center\">Kralji\u010d Tina<\/p>\n<p style=\"text-align: center\">\u00a0Molan Miha<\/p>\n<p style=\"text-align: center\">Femc Timotej<\/p>\n<p style=\"text-align: center\">Klinar Lan<\/p>\n<p style=\"text-align: center\">Golobi\u010d Jure<\/p>\n<p style=\"text-align: center\">\u0160iler Hudoklin Jan<\/p>\n<p style=\"text-align: center\">Mihali\u010d Lenart<\/p>\n<hr \/>\n<p style=\"text-align: center\"><strong>Bas klarinet:<\/strong><\/p>\n<p style=\"text-align: center\"><a href=\"http:\/\/godbanm.splet.arnes.si\/files\/2017\/01\/Bas-klarrinet.jpg\"><img loading=\"lazy\" decoding=\"async\" class=\" wp-image-1091 aligncenter\" src=\"http:\/\/godbanm.splet.arnes.si\/files\/2017\/01\/Bas-klarrinet-300x300.jpg\" alt=\"\" width=\"141\" height=\"141\" srcset=\"https:\/\/www.godbanm.si\/files\/2017\/01\/Bas-klarrinet-300x300.jpg 300w, https:\/\/www.godbanm.si\/files\/2017\/01\/Bas-klarrinet-150x150.jpg 150w, https:\/\/www.godbanm.si\/files\/2017\/01\/Bas-klarrinet.jpg 700w\" sizes=\"auto, (max-width: 141px) 100vw, 141px\" \/><\/a>Zupan\u010di\u010d Vid<\/p>\n<hr \/>\n<p style=\"text-align: center\"><strong>Alt saksofon:<\/strong><\/p>\n<p style=\"text-align: center\"><a href=\"http:\/\/godbanm.splet.arnes.si\/files\/2017\/01\/Alt-saksofon.jpg\"><img loading=\"lazy\" decoding=\"async\" class=\"alignnone wp-image-1087\" src=\"http:\/\/godbanm.splet.arnes.si\/files\/2017\/01\/Alt-saksofon-300x225.jpg\" alt=\"\" width=\"195\" height=\"146\" srcset=\"https:\/\/www.godbanm.si\/files\/2017\/01\/Alt-saksofon-300x225.jpg 300w, https:\/\/www.godbanm.si\/files\/2017\/01\/Alt-saksofon-768x576.jpg 768w, https:\/\/www.godbanm.si\/files\/2017\/01\/Alt-saksofon.jpg 800w\" sizes=\"auto, (max-width: 195px) 100vw, 195px\" \/><\/a><\/p>\n<p style=\"text-align: center\">Kastelic Alja\u017e<\/p>\n<p style=\"text-align: center\">Andrin Maks<\/p>\n<p style=\"text-align: center\">\u017dupevc Leon<\/p>\n<p style=\"text-align: center\">\u0160incek Karmen<\/p>\n<p style=\"text-align: center\">Luzar Matic<\/p>\n<hr \/>\n<p style=\"text-align: center\"><strong>Tenor saksofon:<\/strong><\/p>\n<p style=\"text-align: center\"><a href=\"http:\/\/godbanm.splet.arnes.si\/files\/2017\/01\/Tenor-saksofon-1.jpg\"><img loading=\"lazy\" decoding=\"async\" class=\" wp-image-1105 aligncenter\" src=\"http:\/\/godbanm.splet.arnes.si\/files\/2017\/01\/Tenor-saksofon-1-300x300.jpg\" alt=\"\" width=\"150\" height=\"150\" srcset=\"https:\/\/www.godbanm.si\/files\/2017\/01\/Tenor-saksofon-1-300x300.jpg 300w, https:\/\/www.godbanm.si\/files\/2017\/01\/Tenor-saksofon-1-150x150.jpg 150w, https:\/\/www.godbanm.si\/files\/2017\/01\/Tenor-saksofon-1-768x768.jpg 768w, https:\/\/www.godbanm.si\/files\/2017\/01\/Tenor-saksofon-1-1024x1024.jpg 1024w, https:\/\/www.godbanm.si\/files\/2017\/01\/Tenor-saksofon-1.jpg 1100w\" sizes=\"auto, (max-width: 150px) 100vw, 150px\" \/><\/a>Syopar David<\/p>\n<p style=\"text-align: center\">Klob\u010daver Brina<\/p>\n<hr \/>\n<p style=\"text-align: center\"><strong>Bariton saksofon:<\/strong><\/p>\n<p style=\"text-align: center\"><a href=\"http:\/\/godbanm.splet.arnes.si\/files\/2017\/01\/Bariton-saksofon-1.jpg\"><img loading=\"lazy\" decoding=\"async\" class=\" wp-image-1089 aligncenter\" src=\"http:\/\/godbanm.splet.arnes.si\/files\/2017\/01\/Bariton-saksofon-1-300x300.jpg\" alt=\"\" width=\"166\" height=\"166\" srcset=\"https:\/\/www.godbanm.si\/files\/2017\/01\/Bariton-saksofon-1-300x300.jpg 300w, https:\/\/www.godbanm.si\/files\/2017\/01\/Bariton-saksofon-1-150x150.jpg 150w, https:\/\/www.godbanm.si\/files\/2017\/01\/Bariton-saksofon-1.jpg 768w\" sizes=\"auto, (max-width: 166px) 100vw, 166px\" \/><\/a>Ajdi\u010d Marko<\/p>\n<hr \/>\n<p style=\"text-align: center\"><strong>Rog:<\/strong><\/p>\n<p style=\"text-align: center\"><a href=\"http:\/\/godbanm.splet.arnes.si\/files\/2017\/01\/Rog-1.jpg\"><img loading=\"lazy\" decoding=\"async\" class=\"alignnone wp-image-1103\" src=\"http:\/\/godbanm.splet.arnes.si\/files\/2017\/01\/Rog-1-300x213.jpg\" alt=\"\" width=\"212\" height=\"151\" srcset=\"https:\/\/www.godbanm.si\/files\/2017\/01\/Rog-1-300x213.jpg 300w, https:\/\/www.godbanm.si\/files\/2017\/01\/Rog-1-768x546.jpg 768w, https:\/\/www.godbanm.si\/files\/2017\/01\/Rog-1.jpg 873w\" sizes=\"auto, (max-width: 212px) 100vw, 212px\" \/><\/a><\/p>\n<p style=\"text-align: center\">Klemen\u010di\u010d Bla\u017e<\/p>\n<p style=\"text-align: center\">\u0160iler Hudoklin Bo\u017eidar<\/p>\n<hr \/>\n<p style=\"text-align: center\"><strong>Tenor, Bariton:<\/strong><\/p>\n<p style=\"text-align: center\"><a href=\"http:\/\/godbanm.splet.arnes.si\/files\/2017\/01\/Tenor-bariton-1.jpg\"><img loading=\"lazy\" decoding=\"async\" class=\" wp-image-1107 aligncenter\" src=\"http:\/\/godbanm.splet.arnes.si\/files\/2017\/01\/Tenor-bariton-1-300x300.jpg\" alt=\"\" width=\"155\" height=\"155\" srcset=\"https:\/\/www.godbanm.si\/files\/2017\/01\/Tenor-bariton-1-300x300.jpg 300w, https:\/\/www.godbanm.si\/files\/2017\/01\/Tenor-bariton-1-150x150.jpg 150w, https:\/\/www.godbanm.si\/files\/2017\/01\/Tenor-bariton-1-768x768.jpg 768w, https:\/\/www.godbanm.si\/files\/2017\/01\/Tenor-bariton-1-1024x1024.jpg 1024w, https:\/\/www.godbanm.si\/files\/2017\/01\/Tenor-bariton-1.jpg 1200w\" sizes=\"auto, (max-width: 155px) 100vw, 155px\" \/><\/a>Kralji\u010d \u017diga<\/p>\n<p style=\"text-align: center\">Femc Emanuel<\/p>\n<p style=\"text-align: center\">Klinar Tim<\/p>\n<hr \/>\n<p style=\"text-align: center\"><strong>Trobenta:<\/strong><\/p>\n<p style=\"text-align: center\"><a href=\"http:\/\/godbanm.splet.arnes.si\/files\/2017\/01\/Trobenta-1.jpg\"><img loading=\"lazy\" decoding=\"async\" class=\" wp-image-1109 aligncenter\" src=\"http:\/\/godbanm.splet.arnes.si\/files\/2017\/01\/Trobenta-1-300x225.jpg\" alt=\"\" width=\"232\" height=\"174\" srcset=\"https:\/\/www.godbanm.si\/files\/2017\/01\/Trobenta-1-300x225.jpg 300w, https:\/\/www.godbanm.si\/files\/2017\/01\/Trobenta-1-768x576.jpg 768w, https:\/\/www.godbanm.si\/files\/2017\/01\/Trobenta-1.jpg 1024w\" sizes=\"auto, (max-width: 232px) 100vw, 232px\" \/><\/a>Brcar Polde<\/p>\n<p style=\"text-align: center\">Herga Lovro<\/p>\n<p style=\"text-align: center\">\u00a0 Gornik Ivan<\/p>\n<p style=\"text-align: center\">Omahen Miha<\/p>\n<p style=\"text-align: center\">Strasberger Lev<\/p>\n<p style=\"text-align: center\">Schuster Aleksander<\/p>\n<hr \/>\n<p style=\"text-align: center\"><strong>Pozavna:<\/strong><\/p>\n<p style=\"text-align: center\"><a href=\"http:\/\/godbanm.splet.arnes.si\/files\/2017\/01\/Pozavna-1.jpg\"><img loading=\"lazy\" decoding=\"async\" class=\" wp-image-1099 aligncenter\" src=\"http:\/\/godbanm.splet.arnes.si\/files\/2017\/01\/Pozavna-1-300x162.jpg\" alt=\"\" width=\"231\" height=\"125\" srcset=\"https:\/\/www.godbanm.si\/files\/2017\/01\/Pozavna-1-300x162.jpg 300w, https:\/\/www.godbanm.si\/files\/2017\/01\/Pozavna-1-768x414.jpg 768w, https:\/\/www.godbanm.si\/files\/2017\/01\/Pozavna-1.jpg 1024w\" sizes=\"auto, (max-width: 231px) 100vw, 231px\" \/><\/a><\/p>\n<p style=\"text-align: center\">Zupet Fran<\/p>\n<p style=\"text-align: center\">Mitrovi\u0107 Anja<\/p>\n<p style=\"text-align: center\">Zupan\u010di\u010d Tilen<\/p>\n<hr \/>\n<p style=\"text-align: center\"><strong>Tuba:<\/strong><\/p>\n<p><img loading=\"lazy\" decoding=\"async\" class=\" wp-image-1085 aligncenter\" src=\"http:\/\/godbanm.splet.arnes.si\/files\/2017\/01\/Tuba-1-300x300.jpg\" alt=\"\" width=\"166\" height=\"166\" srcset=\"https:\/\/www.godbanm.si\/files\/2017\/01\/Tuba-1-300x300.jpg 300w, https:\/\/www.godbanm.si\/files\/2017\/01\/Tuba-1-150x150.jpg 150w, https:\/\/www.godbanm.si\/files\/2017\/01\/Tuba-1-768x768.jpg 768w, https:\/\/www.godbanm.si\/files\/2017\/01\/Tuba-1-1024x1024.jpg 1024w, https:\/\/www.godbanm.si\/files\/2017\/01\/Tuba-1.jpg 1450w\" sizes=\"auto, (max-width: 166px) 100vw, 166px\" \/><\/p>\n<p style=\"text-align: center\">Tisovic Pavel<\/p>\n<hr \/>\n<p style=\"text-align: center\"><strong>Kontrabas:<\/strong><\/p>\n<p style=\"text-align: center\"><a href=\"http:\/\/godbanm.splet.arnes.si\/files\/2017\/01\/Kontrabas.jpg\"><img loading=\"lazy\" decoding=\"async\" class=\"wp-image-1013 aligncenter\" src=\"http:\/\/godbanm.splet.arnes.si\/files\/2017\/01\/Kontrabas.jpg\" alt=\"\" width=\"76\" height=\"189\" \/><\/a>Kastelic Ga\u0161per<\/p>\n<p style=\"text-align: center\">\u0160incek Katarina<\/p>\n<hr \/>\n<p style=\"text-align: center\"><strong>Tolkala:<\/strong><\/p>\n<p style=\"text-align: center\"><a href=\"http:\/\/godbanm.splet.arnes.si\/files\/2017\/01\/Tolkala.jpg\"><img loading=\"lazy\" decoding=\"async\" class=\" wp-image-1025 aligncenter\" src=\"http:\/\/godbanm.splet.arnes.si\/files\/2017\/01\/Tolkala-300x280.jpg\" alt=\"\" width=\"194\" height=\"181\" \/><\/a><\/p>\n<p style=\"text-align: center\">Femc Primo\u017e<\/p>\n<p style=\"text-align: center\">Bo\u017ei\u010d Jon<\/p>\n<p style=\"text-align: center\">Bo\u017ei\u010d Lana<\/p>\n<p style=\"text-align: center\">Tisovec David<\/p>\n<hr \/>\n<p style=\"text-align: center\"><strong>Podporniki:<\/strong><a href=\"http:\/\/godbanm.splet.arnes.si\/files\/2017\/01\/Podporniki.jpg\"><img loading=\"lazy\" decoding=\"async\" class=\"size-medium wp-image-1097 aligncenter\" src=\"http:\/\/godbanm.splet.arnes.si\/files\/2017\/01\/Podporniki-300x300.jpg\" alt=\"\" width=\"300\" height=\"300\" srcset=\"https:\/\/www.godbanm.si\/files\/2017\/01\/Podporniki-300x300.jpg 300w, https:\/\/www.godbanm.si\/files\/2017\/01\/Podporniki-150x150.jpg 150w, https:\/\/www.godbanm.si\/files\/2017\/01\/Podporniki-768x768.jpg 768w, https:\/\/www.godbanm.si\/files\/2017\/01\/Podporniki-1024x1024.jpg 1024w\" sizes=\"auto, (max-width: 300px) 100vw, 300px\" \/><\/a><\/p>\n<p style=\"text-align: center\">Dru\u017eine godbenikov in godbenic<\/p>\n","protected":false},"excerpt":{"rendered":"<p>Dirigent: \u0160incek Rok Flavta: \u00a0 \u00a0 \u00a0 \u00a0Hrovat Veronika Malnar Klara Jedlov\u010dnik Barbara Oboa: Zagrlja\u010da Heric Zoe Recelj Ajda Klarinet: Stopar Tja\u0161a Avsec Eva Kralji\u010d Tina \u00a0Molan Miha Femc Timotej Klinar Lan Golobi\u010d Jure \u0160iler Hudoklin Jan Mihali\u010d Lenart Bas klarinet: Zupan\u010di\u010d Vid Alt saksofon: Kastelic Alja\u017e Andrin Maks \u017dupevc Leon \u0160incek Karmen Luzar Matic &hellip; <a href=\"https:\/\/www.godbanm.si\/?page_id=32\" class=\"more-link\">Continue reading <span class=\"screen-reader-text\">Zasedba<\/span> <span class=\"meta-nav\">&rarr;<\/span><\/a><\/p>\n","protected":false},"author":10690,"featured_media":0,"parent":0,"menu_order":3,"comment_status":"closed","ping_status":"closed","template":"","meta":{"footnotes":""},"class_list":["post-32","page","type-page","status-publish","hentry"],"_links":{"self":[{"href":"https:\/\/www.godbanm.si\/index.php?rest_route=\/wp\/v2\/pages\/32","targetHints":{"allow":["GET"]}}],"collection":[{"href":"https:\/\/www.godbanm.si\/index.php?rest_route=\/wp\/v2\/pages"}],"about":[{"href":"https:\/\/www.godbanm.si\/index.php?rest_route=\/wp\/v2\/types\/page"}],"author":[{"embeddable":true,"href":"https:\/\/www.godbanm.si\/index.php?rest_route=\/wp\/v2\/users\/10690"}],"replies":[{"embeddable":true,"href":"https:\/\/www.godbanm.si\/index.php?rest_route=%2Fwp%2Fv2%2Fcomments&post=32"}],"version-history":[{"count":20,"href":"https:\/\/www.godbanm.si\/index.php?rest_route=\/wp\/v2\/pages\/32\/revisions"}],"predecessor-version":[{"id":3045,"href":"https:\/\/www.godbanm.si\/index.php?rest_route=\/wp\/v2\/pages\/32\/revisions\/3045"}],"wp:attachment":[{"href":"https:\/\/www.godbanm.si\/index.php?rest_route=%2Fwp%2Fv2%2Fmedia&parent=32"}],"curies":[{"name":"wp","href":"https:\/\/api.w.org\/{rel}","templated":true}]}}