{"id":30,"date":"2017-01-10T19:47:26","date_gmt":"2017-01-10T19:47:26","guid":{"rendered":"http:\/\/godbanm.splet.arnes.si\/?page_id=30"},"modified":"2018-03-11T16:06:57","modified_gmt":"2018-03-11T15:06:57","slug":"zgodovina-nase-godbe","status":"publish","type":"page","link":"https:\/\/www.godbanm.si\/?page_id=30","title":{"rendered":"Zgodovina na\u0161e godbe"},"content":{"rendered":"<p style=\"text-align: left\">Za\u010detki godbeni\u0161tva v Novem mestu so po doslej znanih podatkih segali v leto 1848. Nova primerjava arhivskih dokumentov z glasbenimi dejavnostmi v Novem mestu pa je pokazala, da je godba delovala \u017ee leta 1828.<\/p>\n<p>Godba je bila od svojega za\u010detka dolga leta tesno vezana na me\u0161\u010dansko gardo. Nastala je zaradi njenih potreb in bila njen nelo\u010dljivi del. Rasla in razvijala se je skupaj s potrebami garde in mesta. Godba mestne garde je prvi znani orkestrski sestav, ki je deloval v Novem mestu.<\/p>\n<p>O prvih dejavnostih godbe pri\u010da skupina dokumentov, natan\u010dneje blagajni\u0161kih izpiskov, iz za\u010detka tridesetih let. Iz te skupine dokumentov lahko razberemo, da je od leta 1828 do 1835 v Novem mestu \u017ee obstajala delno organizirana in vsaj delno uniformirana skupina godbenikov, ki je delovala pod okriljem me\u0161\u010danske garde. Kontinuiteta in namen izpla\u010dil pa pri\u010data, da sestav ni bil le enkratna stvar, temve\u010d je deloval ve\u010d let neprekinjeno.<\/p>\n<p>Godba naj bi \u017ee pred letom 1860 obvladala 600 skladb. Med njimi naj bi bilo 227 polk, 155 mar\u0161ev, 57 raznih skladb, 53 val\u010dkov, 38 \u010detvork, 22 arij, 16 ven\u010dkov, 13 uvertur, 8 galopov, 4 mazurke in po 2 retreti in budnici.<\/p>\n<p><a href=\"http:\/\/godbanm.splet.arnes.si\/?attachment_id=1757\" rel=\"attachment wp-att-1757\"><img loading=\"lazy\" decoding=\"async\" class=\"wp-image-1757 aligncenter\" src=\"http:\/\/godbanm.splet.arnes.si\/files\/2018\/03\/Godba-1865-300x247.jpg\" alt=\"\" width=\"306\" height=\"252\" srcset=\"https:\/\/www.godbanm.si\/files\/2018\/03\/Godba-1865-300x247.jpg 300w, https:\/\/www.godbanm.si\/files\/2018\/03\/Godba-1865.jpg 674w\" sizes=\"auto, (max-width: 306px) 100vw, 306px\" \/><\/a><\/p>\n<p>Ob praznovanju 500 letnice Novega mesta leta 1865 godba ni manjkala. Godbeniki so 19. avgusta zve\u010der ve\u010d kot dve uri igrali na slovesni razsvetlitvi mesta, z igranjem pa so seveda popestrili tudi naslednja dva dneva praznovanja.<\/p>\n<p>Prvi ohranjen statut godbe je nastal leta 1872, skupaj z novim statutom garde. \u00bbMusik Kapelle des uniformierten B\u00fcrger Corps zu Rudolfsvert\u00ab je organizacijsko spadala pod gardo. Na \u010delu godbe je bil ravnatelj, ki ga je dolo\u010dil upravni odbor garde in je bil podrejen komandantu garde. Po statutu \u00bbgodbin ravnatelj skrbi za to, da kapelnik godbe zadostno vadi, da so dostojno oble\u010deni in da imajo potrebno godbino orodje.\u00ab Skrbel je tudi za nastope in za prehrane godcev.<\/p>\n<p>Decembra 1890 je bilo ustanovljeno godbeno dru\u0161tvo z namenom vzdr\u017eevati in izpopolnjevati godbo. Novo dru\u0161tvo je odboru mestne garde zagotovilo, da ima garda \u0161e vedno predpravico do godbe. Dru\u0161tvo naj bi tudi prirejalo godbene koncerte v mestu in izven ter se dogovarjalo o sprejemanju in odpu\u0161\u010danju kapelnika in drugih \u010dlanov.<\/p>\n<p style=\"text-align: left\">Z razmahom dru\u0161tev v novome\u0161kem okolju so se pove\u010dale tudi zahteve po nastopih godbe na razli\u010dnih dru\u0161tvenih prireditvah. Garda sicer ni hotela izpustiti popolnega nadzora nad godbo, vendar so predstavniki dru\u0161tev dosegli ustanovitev dru\u0161tva Mestna godba v Rudolfovem. Preoblikovanje godbe v novo trajnej\u0161o organizacijo je trajalo nekaj \u010dasa. Skupino godbenikov si je podajalo ve\u010d upravljavcev oziroma lastnikov. Spomladi leta 1926 je bilo ustanovljeno Godbeno dru\u0161tvo. Z ustanovitvijo le-tega je novome\u0161ka godba prvi\u010d za\u017eivela kot samostojna organizacija.<\/p>\n<p><a href=\"http:\/\/godbanm.splet.arnes.si\/?attachment_id=1759\" rel=\"attachment wp-att-1759\"><img loading=\"lazy\" decoding=\"async\" class=\" wp-image-1759 aligncenter\" src=\"http:\/\/godbanm.splet.arnes.si\/files\/2018\/03\/Screen-Shot-2018-03-11-at-15.49.36-300x212.png\" alt=\"\" width=\"344\" height=\"243\" srcset=\"https:\/\/www.godbanm.si\/files\/2018\/03\/Screen-Shot-2018-03-11-at-15.49.36-300x212.png 300w, https:\/\/www.godbanm.si\/files\/2018\/03\/Screen-Shot-2018-03-11-at-15.49.36-768x542.png 768w, https:\/\/www.godbanm.si\/files\/2018\/03\/Screen-Shot-2018-03-11-at-15.49.36-1024x723.png 1024w, https:\/\/www.godbanm.si\/files\/2018\/03\/Screen-Shot-2018-03-11-at-15.49.36.png 1442w\" sizes=\"auto, (max-width: 344px) 100vw, 344px\" \/><\/a><\/p>\n<p>Kaj se je z godbo dogajalo med vojno, je te\u017eko dolo\u010diti zaradi pomanjkanja virov. Vsekakor pa je bil konec vojne razlog za veselje, \u0161tevilke povorke in s tem tudi nastope godbe, ki se je hitro zbrala in \u017ee 9. maja 1945 ponovno nastopila. Vseeno je vse do leta 1954 bolj kot ne \u017eivotarila v pomanjkanju denarja in primernih prostorov za vaje.<\/p>\n<p>Na pomo\u010d godbi je nato kmalu pristopilo gasilsko dru\u0161tvo. Imeti godbo pod svojim okriljem je bilo takrat v duhu \u010dasa, saj je ve\u010d okoli\u0161kih gasilskih dru\u0161tev \u017ee imelo svojo godbo.\u00a0 Poleg koristi gasilcem pa bi bila re\u0161ena tudi godba z bogato tradicijo. Sistemati\u010den pristop gasilcev do godbe od samega za\u010detka se je v prihodnjih letih izkazal kot izjemno uspe\u0161en. Godba bi s svojimi uslugami slu\u017eila predvsem gasilskemu dru\u0161tvu, svoje usluge pa bi ponujala tudi dru\u017ebeno-politi\u010dnim organizacijam.<\/p>\n<p><a href=\"http:\/\/godbanm.splet.arnes.si\/?attachment_id=1761\" rel=\"attachment wp-att-1761\"><img loading=\"lazy\" decoding=\"async\" class=\"aligncenter size-medium wp-image-1761\" src=\"http:\/\/godbanm.splet.arnes.si\/files\/2018\/03\/Screen-Shot-2018-03-11-at-15.50.25-300x210.png\" alt=\"\" width=\"300\" height=\"210\" srcset=\"https:\/\/www.godbanm.si\/files\/2018\/03\/Screen-Shot-2018-03-11-at-15.50.25-300x210.png 300w, https:\/\/www.godbanm.si\/files\/2018\/03\/Screen-Shot-2018-03-11-at-15.50.25-768x538.png 768w, https:\/\/www.godbanm.si\/files\/2018\/03\/Screen-Shot-2018-03-11-at-15.50.25-1024x717.png 1024w, https:\/\/www.godbanm.si\/files\/2018\/03\/Screen-Shot-2018-03-11-at-15.50.25.png 1477w\" sizes=\"auto, (max-width: 300px) 100vw, 300px\" \/><\/a><\/p>\n<p>V osemdesetih letih se je godba redno udele\u017eevala sre\u010danj in tekmovanj, ki so jih pripravljala zdru\u017eenja godb. Novome\u0161ki godbeniki so leta 1978 skupaj s petimi ostalimi godbami ustanovili Zdru\u017eenje pihalnih orkestrov Dolenjske in Bele Krajine, njihovega sre\u010danja so se vsako leto udele\u017eili v Stra\u017ei. Godbeniki so vsako leto prvega maja organizirali tudi svoje praznovanje, ko so igrali budnice v Novem mestu in okoli\u0161kih krajih, nato pa skupaj z dru\u017einskimi \u010dlani od\u0161li \u0161e na izlet ali piknik.<\/p>\n<p><a href=\"http:\/\/godbanm.splet.arnes.si\/?attachment_id=1763\" rel=\"attachment wp-att-1763\"><img loading=\"lazy\" decoding=\"async\" class=\"aligncenter  wp-image-1763\" src=\"http:\/\/godbanm.splet.arnes.si\/files\/2018\/03\/Screen-Shot-2018-03-11-at-15.51.09-300x210.png\" alt=\"\" width=\"314\" height=\"220\" srcset=\"https:\/\/www.godbanm.si\/files\/2018\/03\/Screen-Shot-2018-03-11-at-15.51.09-300x210.png 300w, https:\/\/www.godbanm.si\/files\/2018\/03\/Screen-Shot-2018-03-11-at-15.51.09-768x538.png 768w, https:\/\/www.godbanm.si\/files\/2018\/03\/Screen-Shot-2018-03-11-at-15.51.09-1024x718.png 1024w, https:\/\/www.godbanm.si\/files\/2018\/03\/Screen-Shot-2018-03-11-at-15.51.09.png 1481w\" sizes=\"auto, (max-width: 314px) 100vw, 314px\" \/><\/a><\/p>\n<p>Lo\u010ditev od gasilcev se je zgodila 28. marca 1996, na ustanovnem ob\u010dnem zboru, kjer je 23 takratnih godbenikov ustanovilo Mestno godbo Novo mesto. Ustanovitev novega dru\u0161tva je godbi dala nov zagon. Nov dirigent je vpeljal nov na\u010din dela. Vrnilo se je nekaj starih godbenikov, pristopilo je tudi precej mladih iz glasbene \u0161ole. \u017dal se med godbeniki in dirigentom niso spletle najbolj\u0161e vezi. Godbeniki so tako tik pred praznovanjem 150. obletnice ostali brez dirigenta, vendar so bili kljub temu trdno odlo\u010deni, da praznovanje izpeljejo. K sodelovanju so zopet povabili dirigenta Antona \u010ceha ter vse stare godbenike, ki ko pred kratkim prekinili z igranjem. Godba je \u0161tela 40 glasbenikov, ki so se v treh mesecih pripravili na slavnostni koncert. Vzporedno s pripravami na koncert pa je potekalo redno delo godbe, saj so nastopili na vseh tradicionalnih nastopih.<\/p>\n<p>Proslava ob 150. obletnici se je za\u010dela 19. junija 1998 s slavnostno akademijo. Potekala je pod pokroviteljstvom \u017eupana Mestne ob\u010dine Novo mesto Francija Koncilije. \u010castni gost je bil predsednik Dr\u017eavnega zbora Janez Podobnik. Slavje se je nadaljevalo 20. junija 1998 z 21. sre\u010danjem pihalnih orkestrov in godb Dolenjske in Bele krajine. Izdan je bil tudi zbornik, odvijala se je prilo\u017enostna razstava v avli Kulturnega centra Janeza Trdine v Novem mestu.<\/p>\n<p><a href=\"http:\/\/godbanm.splet.arnes.si\/?attachment_id=1765\" rel=\"attachment wp-att-1765\"><img loading=\"lazy\" decoding=\"async\" class=\"aligncenter  wp-image-1765\" src=\"http:\/\/godbanm.splet.arnes.si\/files\/2018\/03\/Screen-Shot-2018-03-11-at-15.51.32-300x202.png\" alt=\"\" width=\"331\" height=\"223\" srcset=\"https:\/\/www.godbanm.si\/files\/2018\/03\/Screen-Shot-2018-03-11-at-15.51.32-300x202.png 300w, https:\/\/www.godbanm.si\/files\/2018\/03\/Screen-Shot-2018-03-11-at-15.51.32-768x517.png 768w, https:\/\/www.godbanm.si\/files\/2018\/03\/Screen-Shot-2018-03-11-at-15.51.32-1024x690.png 1024w, https:\/\/www.godbanm.si\/files\/2018\/03\/Screen-Shot-2018-03-11-at-15.51.32.png 1483w\" sizes=\"auto, (max-width: 331px) 100vw, 331px\" \/><\/a><\/p>\n<p>V letu 1999 je godba dobila novega dirigenta Toma\u017ea Zlobka, ki je spremenil repertoar godbe. Poleg klasi\u010dnega godbeni\u0161kega repertoarja, kora\u010dnic, so za\u010deli igrati skladbe, ki so bile bli\u017ee plesnemu orkestru. V tak\u0161nem stilu so pripravili tudi koncert v Kulturnem centru Janeza Trdine, kjer je kot gostja nastopila tudi svetovno znana harfistka Mojca Zlobko. Koncert je imel ugodne kritike in je pomenil za\u010detek nove dobe godbe. Godba se je za\u010dela udele\u017eevati tekmovanj godb v zabavnem programu v Ormo\u017eu. Tako so leta 2000 in 2001 dosegli prvo mesto, leta 2002 pa drugo mesto v kategoriji do 30 \u010dlanov.<\/p>\n<p>Leto 2008 je bilo za godbo zopet jubilejno. Pripravili so proslavo ob 160 letnici godbe, ki je bila sestavljena iz slavnostnega koncerta in parade godb skozi Novo mesto, to je bilo 31. sre\u010danje pihalnih orkestrov in godb Dolenjske in Bele krajine.<\/p>\n<p>Dirigentsko mesto je v letu 2011 prevzel Rok \u0160incek. Prvi nastop z novim dirigentom je bil decembra 2011 ob 5. obletnici delovanja Ma\u017eoretnega kluba Takt v Osnovni \u0161oli Stopi\u010de. Pod novim vodstvom so se za\u010dele izvajati tudi spremembe v glasbenem programu godbe.<\/p>\n<p>V letu 2014 je Italo Morosini po 18 letih predsedni\u0161ko funkcijo predal Marku Ajdi\u010du. Godba je pridobila status dru\u0161tva v javnem interesu, v letu 2017 pa \u0161teje 56 \u010dlanov.<\/p>\n<p><a href=\"http:\/\/godbanm.splet.arnes.si\/?attachment_id=1767\" rel=\"attachment wp-att-1767\"><img loading=\"lazy\" decoding=\"async\" class=\"aligncenter  wp-image-1767\" src=\"http:\/\/godbanm.splet.arnes.si\/files\/2018\/03\/Screen-Shot-2018-03-11-at-15.52.31-300x210.png\" alt=\"\" width=\"314\" height=\"220\" srcset=\"https:\/\/www.godbanm.si\/files\/2018\/03\/Screen-Shot-2018-03-11-at-15.52.31-300x210.png 300w, https:\/\/www.godbanm.si\/files\/2018\/03\/Screen-Shot-2018-03-11-at-15.52.31-768x538.png 768w, https:\/\/www.godbanm.si\/files\/2018\/03\/Screen-Shot-2018-03-11-at-15.52.31-1024x717.png 1024w, https:\/\/www.godbanm.si\/files\/2018\/03\/Screen-Shot-2018-03-11-at-15.52.31.png 1315w\" sizes=\"auto, (max-width: 314px) 100vw, 314px\" \/><\/a><\/p>\n<p>\u0160tevilo letnih nastopov je sedaj med 20 in 25. Izvajamo tematske koncerte: Martinov koncert, Okoli sveta, Pomladno prebujanje, Glasba po ameri\u0161ko, Gremo v kino, \u2026\u00a0 Vsako leto 1. maja prebivalce Novega mesta in okolice budimo ob spodbudnih zvokih kora\u010dnic. Udele\u017eujemo se nastopov v tujini: Biha\u010d ter Prijedor (Bosna in Hercegovina), Herceg Novi (\u010crna gora), \u2026<\/p>\n<p>Ob trdem delu se ka\u017ee na\u0161 napredek pri izvajanju razli\u010dnih zvrsti glasbe, pa tudi kreativnost godbenikov pri organizaciji koncertov in nastopov godbe, filmski produkciji, oblikovanju, \u2026<\/p>\n","protected":false},"excerpt":{"rendered":"<p>Za\u010detki godbeni\u0161tva v Novem mestu so po doslej znanih podatkih segali v leto 1848. Nova primerjava arhivskih dokumentov z glasbenimi dejavnostmi v Novem mestu pa je pokazala, da je godba delovala \u017ee leta 1828. Godba je bila od svojega za\u010detka dolga leta tesno vezana na me\u0161\u010dansko gardo. Nastala je zaradi njenih potreb in bila njen &hellip; <a href=\"https:\/\/www.godbanm.si\/?page_id=30\" class=\"more-link\">Continue reading <span class=\"screen-reader-text\">Zgodovina na\u0161e godbe<\/span> <span class=\"meta-nav\">&rarr;<\/span><\/a><\/p>\n","protected":false},"author":10690,"featured_media":0,"parent":0,"menu_order":2,"comment_status":"closed","ping_status":"closed","template":"","meta":{"footnotes":""},"class_list":["post-30","page","type-page","status-publish","hentry"],"_links":{"self":[{"href":"https:\/\/www.godbanm.si\/index.php?rest_route=\/wp\/v2\/pages\/30","targetHints":{"allow":["GET"]}}],"collection":[{"href":"https:\/\/www.godbanm.si\/index.php?rest_route=\/wp\/v2\/pages"}],"about":[{"href":"https:\/\/www.godbanm.si\/index.php?rest_route=\/wp\/v2\/types\/page"}],"author":[{"embeddable":true,"href":"https:\/\/www.godbanm.si\/index.php?rest_route=\/wp\/v2\/users\/10690"}],"replies":[{"embeddable":true,"href":"https:\/\/www.godbanm.si\/index.php?rest_route=%2Fwp%2Fv2%2Fcomments&post=30"}],"version-history":[{"count":4,"href":"https:\/\/www.godbanm.si\/index.php?rest_route=\/wp\/v2\/pages\/30\/revisions"}],"predecessor-version":[{"id":1771,"href":"https:\/\/www.godbanm.si\/index.php?rest_route=\/wp\/v2\/pages\/30\/revisions\/1771"}],"wp:attachment":[{"href":"https:\/\/www.godbanm.si\/index.php?rest_route=%2Fwp%2Fv2%2Fmedia&parent=30"}],"curies":[{"name":"wp","href":"https:\/\/api.w.org\/{rel}","templated":true}]}}