{"id":1739,"date":"2018-03-11T15:34:24","date_gmt":"2018-03-11T14:34:24","guid":{"rendered":"http:\/\/godbanm.splet.arnes.si\/?page_id=1739"},"modified":"2020-02-11T13:39:43","modified_gmt":"2020-02-11T12:39:43","slug":"2018-2","status":"publish","type":"page","link":"https:\/\/www.godbanm.si\/?page_id=1739","title":{"rendered":"2018"},"content":{"rendered":"<p style=\"text-align: center\"><a href=\"http:\/\/godbanm.splet.arnes.si\/?page_id=2163\">Uvertura v zimsko pravljico<\/a><\/p>\n<p style=\"text-align: center\"><a href=\"https:\/\/www.godbanm.si\/?page_id=2147&amp;preview=true\">Predstava za vsako prilo\u017enost<\/a><\/p>\n<p style=\"text-align: center\"><a href=\"https:\/\/www.godbanm.si\/?page_id=1937&amp;preview=true\">Mednarodno sre\u010danje godb v Novem mestu<\/a><\/p>\n<p style=\"text-align: center\"><a href=\"https:\/\/www.godbanm.si\/?page_id=1913&amp;preview=true\">Koncert ob 190. obletnici Mestne godbe Novo mesto<\/a><\/p>\n<p style=\"text-align: center\"><a href=\"https:\/\/www.godbanm.si\/?page_id=1857&amp;preview=true\">Otvoritev razstave NOVOME\u0160KA (z)GODBA<\/a><\/p>\n<p style=\"text-align: center\"><a href=\"https:\/\/www.godbanm.si\/?page_id=1827&amp;preview=true\">Prvomajska budnica<\/a><\/p>\n<p style=\"text-align: center\"><a href=\"http:\/\/godbanm.splet.arnes.si\/?page_id=1645\">Pustna\u00a0povorka<\/a><\/p>\n<p style=\"text-align: center\">\u00a0<a href=\"http:\/\/godbanm.splet.arnes.si\/?page_id=1599\">Gremo v kino, v dvoje<\/a><\/p>\n","protected":false},"excerpt":{"rendered":"<p>Uvertura v zimsko pravljico Predstava za vsako prilo\u017enost Mednarodno sre\u010danje godb v Novem mestu Koncert ob 190. obletnici Mestne godbe Novo mesto Otvoritev razstave NOVOME\u0160KA (z)GODBA Prvomajska budnica Pustna\u00a0povorka \u00a0Gremo v kino, v dvoje<\/p>\n","protected":false},"author":10690,"featured_media":0,"parent":0,"menu_order":0,"comment_status":"closed","ping_status":"closed","template":"","meta":{"footnotes":""},"class_list":["post-1739","page","type-page","status-publish","hentry"],"_links":{"self":[{"href":"https:\/\/www.godbanm.si\/index.php?rest_route=\/wp\/v2\/pages\/1739","targetHints":{"allow":["GET"]}}],"collection":[{"href":"https:\/\/www.godbanm.si\/index.php?rest_route=\/wp\/v2\/pages"}],"about":[{"href":"https:\/\/www.godbanm.si\/index.php?rest_route=\/wp\/v2\/types\/page"}],"author":[{"embeddable":true,"href":"https:\/\/www.godbanm.si\/index.php?rest_route=\/wp\/v2\/users\/10690"}],"replies":[{"embeddable":true,"href":"https:\/\/www.godbanm.si\/index.php?rest_route=%2Fwp%2Fv2%2Fcomments&post=1739"}],"version-history":[{"count":13,"href":"https:\/\/www.godbanm.si\/index.php?rest_route=\/wp\/v2\/pages\/1739\/revisions"}],"predecessor-version":[{"id":2213,"href":"https:\/\/www.godbanm.si\/index.php?rest_route=\/wp\/v2\/pages\/1739\/revisions\/2213"}],"wp:attachment":[{"href":"https:\/\/www.godbanm.si\/index.php?rest_route=%2Fwp%2Fv2%2Fmedia&parent=1739"}],"curies":[{"name":"wp","href":"https:\/\/api.w.org\/{rel}","templated":true}]}}